{"id":9967,"date":"2020-11-23T14:41:23","date_gmt":"2020-11-23T11:41:23","guid":{"rendered":"https:\/\/onlinezooshop.md\/?post_type=product&#038;p=9967"},"modified":"2025-12-05T15:06:40","modified_gmt":"2025-12-05T12:06:40","slug":"cat-chow-special-sensitive-15kg","status":"publish","type":"product","link":"https:\/\/onlinezooshop.md\/ro\/magazin\/cat-chow-special-sensitive-15kg\/","title":{"rendered":"Cat Chow Special Sensitive, 15\u043a\u0433."},"content":{"rendered":"<p>Formula special dezvoltat\u0103<span class=\"Apple-converted-space\">\u00a0<\/span><strong>pentru un sistem digestiv sensibil;<\/strong>con\u021bine acizi gra\u0219i omega-3 \u0219i omega-6<span class=\"Apple-converted-space\">\u00a0<\/span><strong>pentru s\u0103n\u0103tatea pielii \u0219i a bl\u0103nii.<\/strong>.<\/p>\n<p><strong>Con\u021binut:<span class=\"Apple-converted-space\">\u00a0<\/span><\/strong>cereale (cereale integrale *), carne \u0219i produse din carne procesate (20%, echivalent cu 40% din carne rehidratat\u0103 \u0219i produse din carne procesate, cel pu\u021bin 14% din carne de pas\u0103re), extracte din proteine \u200b\u200bvegetale, gr\u0103simi vegetale \u0219i animale, pe\u0219te \u0219i produse de procesare a pe\u0219telui (2 %, echivalent cu 4% pe\u0219te rehidratat \u0219i produse prelucrate din pe\u0219te; cel pu\u021bin 4% somon), produse vegetale (2,7% pulp\u0103 de sfecl\u0103 uscat\u0103; 0,07% p\u0103trunjel uscat, echivalent cu 0,4% p\u0103trunjel *), legume * (r\u0103d\u0103cin\u0103 uscat\u0103 de cicoare; morcovi usca\u021bi; spanac uscat), minerale, conservan\u021bi, drojdie *, vitamine, antioxidan\u021bi.<span class=\"Apple-converted-space\">\u00a0<\/span><br \/>\n*Ingrediente naturale.<span class=\"Apple-converted-space\">\u00a0<\/span><\/p>\n<p><strong>Aditivi:<span class=\"Apple-converted-space\">\u00a0<\/span><\/strong>UI \/ kg: vitamina A: 14.000; vitamina D3: 1150; vitamina E: 100; mg \/ kg: vitamine B: 125; fier: 50; iod: 1,7; cupru: 10; mangan: 5,7; zinc: 70; seleniu: 0,12.<span class=\"Apple-converted-space\">\u00a0<\/span><\/p>\n<p><strong>Analiz\u0103 garantat\u0103:<\/strong><span class=\"Apple-converted-space\">\u00a0<\/span>proteine: 32,0% gr\u0103simi: 11,0% acizi gra\u0219i omega-3: 0,2% acizi gra\u0219i omega-6: 1,8% cenu\u0219\u0103 brut\u0103: 7,5% fibre brute: 2,5%.<span class=\"Apple-converted-space\">\u00a0<\/span><\/p>\n<p><strong>Norma recomandat\u0103 de hr\u0103nire gr\/zi:<\/strong><\/p>\n<table width=\"80%\">\n<tbody>\n<tr>\n<td>Masa pisicii<\/td>\n<td>Cantitatea gr\/zi<\/td>\n<\/tr>\n<tr>\n<td><small>2 &#8212; 4 kg<\/small><\/td>\n<td><small>35 &#8212; 70 g<\/small><\/td>\n<\/tr>\n<tr>\n<td><small>4 &#8212; 6 kg<\/small><\/td>\n<td><small>70 &#8212; 100 g<\/small><\/td>\n<\/tr>\n<\/tbody>\n<\/table>\n<p>Norma de hr\u0103nire este pentru pisicile moderate la temperaturi ambientale normale. Nevoile individuale pot varia \u0219i hr\u0103nirea trebuie ajustat\u0103 pentru a men\u021bine pisica la greutatea optim\u0103. Asigura\u021bi-v\u0103 c\u0103 pisica dvs. are \u00eentotdeauna ap\u0103 potabil\u0103 curat\u0103 \u0219i proasp\u0103t\u0103. Transfera\u021bi pisica la Purina\u00ae CAT CHOW\u00ae treptat timp de 7 zile.<\/p>\n<section class=\"product-detail-page__tabs toggler j_toggler\"><\/section>","protected":false},"excerpt":{"rendered":"<p>Hrana\u00a0<strong>Cat Chow Special Care Sensitive<\/strong>\u00a0cu ingrediente de \u00eenalt\u0103 calitate ajut\u0103 pisicile cu piele sensibil\u0103 sau digestie s\u0103 m\u0103n\u00e2nce bine.<\/p>","protected":false},"featured_media":12331,"template":"","meta":[],"product_cat":[68,112],"product_tag":[],"_links":{"self":[{"href":"https:\/\/onlinezooshop.md\/ro\/wp-json\/wp\/v2\/product\/9967"}],"collection":[{"href":"https:\/\/onlinezooshop.md\/ro\/wp-json\/wp\/v2\/product"}],"about":[{"href":"https:\/\/onlinezooshop.md\/ro\/wp-json\/wp\/v2\/types\/product"}],"wp:featuredmedia":[{"embeddable":true,"href":"https:\/\/onlinezooshop.md\/ro\/wp-json\/wp\/v2\/media\/12331"}],"wp:attachment":[{"href":"https:\/\/onlinezooshop.md\/ro\/wp-json\/wp\/v2\/media?parent=9967"}],"wp:term":[{"taxonomy":"product_cat","embeddable":true,"href":"https:\/\/onlinezooshop.md\/ro\/wp-json\/wp\/v2\/product_cat?post=9967"},{"taxonomy":"product_tag","embeddable":true,"href":"https:\/\/onlinezooshop.md\/ro\/wp-json\/wp\/v2\/product_tag?post=9967"}],"curies":[{"name":"wp","href":"https:\/\/api.w.org\/{rel}","templated":true}]}}