{"id":9969,"date":"2020-11-23T14:43:25","date_gmt":"2020-11-23T11:43:25","guid":{"rendered":"https:\/\/onlinezooshop.md\/?post_type=product&#038;p=9969"},"modified":"2025-12-05T15:06:19","modified_gmt":"2025-12-05T12:06:19","slug":"cat-chow-special-sterilized-15kg","status":"publish","type":"product","link":"https:\/\/onlinezooshop.md\/ro\/magazin\/cat-chow-special-sterilized-15kg\/","title":{"rendered":"Cat Chow Special Sterilized, 15\u043a\u0433."},"content":{"rendered":"<p>Hrana\u00a0<strong>special elaborat\u0103<\/strong>, pentru a ajuta la eliminarea efectelor modific\u0103rilor hormonale asociate steriliz\u0103rii. Con\u021binutul de proteine \u200b\u200b\u0219i gr\u0103simi este optimizat pentru a ajuta la men\u021binerea<span class=\"Apple-converted-space\">\u00a0<\/span><strong>unei mase musculare puternice \u0219i mas\u0103 s\u0103n\u0103toas\u0103.<\/strong>.<\/p>\n<p><strong>Con\u021binut:<span class=\"Apple-converted-space\">\u00a0<\/span><\/strong>cereale (cereale integrale *), carne \u0219i produse din carne procesate (20%, echivalent cu 40% carne rehidratat\u0103 \u0219i produse din carne procesate, nu mai pu\u021bin de 14% din p\u0103s\u0103ri de curte), produse vegetale (2,7% pulp\u0103 de sfecl\u0103 uscat\u0103; 0,07 % patrunjel uscat, echivalent cu 0,4% patrunjel *), extracte de proteine \u200b\u200bvegetale, gr\u0103simi vegetale \u0219i animale, legume * (r\u0103d\u0103cin\u0103 uscat\u0103 de cicoare; morcovi usca\u021bi; spanac uscat), conservan\u021bi, minerale, drojdie *, vitamine, antioxidan\u021bi.<span class=\"Apple-converted-space\">\u00a0<\/span><br \/>\n*Ingrediente naturale.<span class=\"Apple-converted-space\">\u00a0<\/span><\/p>\n<p><strong>Aditivi:<\/strong><span class=\"Apple-converted-space\">\u00a0<\/span>UI \/ kg: vitamina A: 14.000; vitamina D3: 1150; vitamina E: 100; mg \/ kg: vitamine B: 125; fier: 50; iod: 1,7; cupru: 10; mangan: 5,7; zinc: 70; seleniu: 0,12.<span class=\"Apple-converted-space\">\u00a0<\/span><\/p>\n<p><strong>Analiz\u0103 garantat\u0103:<\/strong><span class=\"Apple-converted-space\">\u00a0<\/span>proteine: 35,0% gr\u0103simi: 9,0% cenu\u0219\u0103 brut\u0103: 7,5% fibre brute: 3,5%.<span class=\"Apple-converted-space\">\u00a0<\/span><\/p>\n<section class=\"product-detail-page__tabs toggler j_toggler\"><strong>Norma recomandat\u0103 de hr\u0103nire gr\/zi:<\/strong><\/p>\n<table width=\"80%\">\n<tbody>\n<tr>\n<td>Masa pisicii<\/td>\n<td>Cantitatea gr\/zi<\/td>\n<\/tr>\n<tr>\n<td><small>2 &#8212; 4 kg<\/small><\/td>\n<td><small>35 &#8212; 70 g<\/small><\/td>\n<\/tr>\n<tr>\n<td><small>4 &#8212; 6 kg<\/small><\/td>\n<td><small>70 &#8212; 100 g<\/small><\/td>\n<\/tr>\n<\/tbody>\n<\/table>\n<p>Norma de hr\u0103nire este pentru pisicile moderate la temperaturi ambientale normale. Nevoile individuale pot varia \u0219i hr\u0103nirea trebuie ajustat\u0103 pentru a men\u021bine pisica la greutatea optim\u0103. Asigura\u021bi-v\u0103 c\u0103 pisica dvs. are \u00eentotdeauna ap\u0103 potabil\u0103 curat\u0103 \u0219i proasp\u0103t\u0103. Transfera\u021bi pisica la Purina\u00ae CAT CHOW\u00ae treptat timp de 7 zile.<\/p>\n<\/section>","protected":false},"excerpt":{"rendered":"<p>Re\u021beta bogat\u0103 \u00een proteine\u00a0<strong>Cat Chow Special Care Sterilized<\/strong>\u00a0va ajuta pisica dvs, s\u0103 \u00ee\u0219i p\u0103streze puterile \u0219i s\u0103n\u0103tatea\u00a0<strong>dup\u0103 sterilizare<\/strong>.<\/p>","protected":false},"featured_media":12330,"template":"","meta":[],"product_cat":[68,112],"product_tag":[],"_links":{"self":[{"href":"https:\/\/onlinezooshop.md\/ro\/wp-json\/wp\/v2\/product\/9969"}],"collection":[{"href":"https:\/\/onlinezooshop.md\/ro\/wp-json\/wp\/v2\/product"}],"about":[{"href":"https:\/\/onlinezooshop.md\/ro\/wp-json\/wp\/v2\/types\/product"}],"wp:featuredmedia":[{"embeddable":true,"href":"https:\/\/onlinezooshop.md\/ro\/wp-json\/wp\/v2\/media\/12330"}],"wp:attachment":[{"href":"https:\/\/onlinezooshop.md\/ro\/wp-json\/wp\/v2\/media?parent=9969"}],"wp:term":[{"taxonomy":"product_cat","embeddable":true,"href":"https:\/\/onlinezooshop.md\/ro\/wp-json\/wp\/v2\/product_cat?post=9969"},{"taxonomy":"product_tag","embeddable":true,"href":"https:\/\/onlinezooshop.md\/ro\/wp-json\/wp\/v2\/product_tag?post=9969"}],"curies":[{"name":"wp","href":"https:\/\/api.w.org\/{rel}","templated":true}]}}