{"id":9971,"date":"2020-11-23T14:46:02","date_gmt":"2020-11-23T11:46:02","guid":{"rendered":"https:\/\/onlinezooshop.md\/?post_type=product&#038;p=9971"},"modified":"2025-12-05T15:05:45","modified_gmt":"2025-12-05T12:05:45","slug":"cat-chow-special-uth-15kg","status":"publish","type":"product","link":"https:\/\/onlinezooshop.md\/ro\/magazin\/cat-chow-special-uth-15kg\/","title":{"rendered":"Cat Chow Special UTH, 15\u043a\u0433."},"content":{"rendered":"<ul>\n<li>*Ajut\u0103 la men\u021binerea<span class=\"Apple-converted-space\">\u00a0<\/span><strong>ph-ului urinei \u0219i s\u0103n\u0103tatea tractului urinar<\/strong><span class=\"Apple-converted-space\">\u00a0<\/span>datorit\u0103 con\u021binutului echilibrat de minerale.<span class=\"Apple-converted-space\">\u00a0<\/span><\/li>\n<li>*Con\u021bine ulei de pe\u0219te pentru a sprijini s\u0103n\u0103tatea tractului urinar.<\/li>\n<\/ul>\n<p><strong>Con\u021binut:<span class=\"Apple-converted-space\">\u00a0<\/span><\/strong>cereale (cereale integrale *), carne \u0219i produse din carne (20%, echivalent cu 40% din carne rehidratat\u0103 \u0219i produse din carne prelucrate, cel pu\u021bin 14% din carne de pas\u0103re), produse de prelucrare a materiilor prime vegetale (2,7% pulp\u0103 de sfecl\u0103 uscat\u0103; 0,07 % patrunjel uscat, echivalent cu 0,4% patrunjel *), uleiuri \u0219i gr\u0103simi (inclusiv 0,7% ulei de pe\u0219te), extracte de proteine \u200b\u200bvegetale, legume * (r\u0103d\u0103cin\u0103 uscat\u0103 de cicoare; morcovi usca\u021bi; spanac uscat), conservan\u021bi, minerale substan\u021be, drojdie *, vitamine, antioxidan\u021bi.<span class=\"Apple-converted-space\">\u00a0<\/span><br \/>\n*Ingrediente naturale.<span class=\"Apple-converted-space\">\u00a0<\/span><br \/>\n<strong><br \/>\nAditivi:<span class=\"Apple-converted-space\">\u00a0<\/span><\/strong>UI \/ kg: vitamina A: 17.000; vitamina D3: 1 410; vitamina E: 120; mg \/ kg: vitamine B: 150; fier: 60; iod: 2,1; cupru: 12; mangan: 6,5; zinc: 90; seleniu: 0,14.<span class=\"Apple-converted-space\">\u00a0<\/span><\/p>\n<p><strong>Analiz\u0103 garantat\u0103:<span class=\"Apple-converted-space\">\u00a0<\/span><\/strong>proteine: 32,0% gr\u0103simi: 11,0% cenu\u0219\u0103 brut\u0103: 7,5% fibre brute: 2,5%.<span class=\"Apple-converted-space\">\u00a0<\/span><\/p>\n<p><strong>Norma recomandat\u0103 de hr\u0103nire gr\/zi:<\/strong><\/p>\n<table width=\"80%\">\n<tbody>\n<tr>\n<td>Masa pisicii<\/td>\n<td>Cantitatea gr\/zi<\/td>\n<\/tr>\n<tr>\n<td><small>2 &#8212; 4 kg<\/small><\/td>\n<td><small>35 &#8212; 70 g<\/small><\/td>\n<\/tr>\n<tr>\n<td><small>4 &#8212; 6 kg<\/small><\/td>\n<td><small>70 &#8212; 100 g<\/small><\/td>\n<\/tr>\n<\/tbody>\n<\/table>\n<p>Norma de hr\u0103nire este pentru pisicile moderate la temperaturi ambientale normale. Nevoile individuale pot varia \u0219i hr\u0103nirea trebuie ajustat\u0103 pentru a men\u021bine pisica la greutatea optim\u0103. Asigura\u021bi-v\u0103 c\u0103 pisica dvs. are \u00eentotdeauna ap\u0103 potabil\u0103 curat\u0103 \u0219i proasp\u0103t\u0103. Transfera\u021bi pisica la Purina\u00ae CAT CHOW\u00ae treptat timp de 7 zile.<\/p>","protected":false},"excerpt":{"rendered":"<p>Formula special\u0103\u00a0<strong>Cat Chow Special Care UTH<\/strong> pentru s\u0103n\u0103tatea c\u0103ilor urinare, ceea ce \u00eenseamn\u0103 - bun\u0103starea \u0219i starea de spirit a pisicii tale.<\/p>","protected":false},"featured_media":12329,"template":"","meta":[],"product_cat":[68,112],"product_tag":[],"_links":{"self":[{"href":"https:\/\/onlinezooshop.md\/ro\/wp-json\/wp\/v2\/product\/9971"}],"collection":[{"href":"https:\/\/onlinezooshop.md\/ro\/wp-json\/wp\/v2\/product"}],"about":[{"href":"https:\/\/onlinezooshop.md\/ro\/wp-json\/wp\/v2\/types\/product"}],"wp:featuredmedia":[{"embeddable":true,"href":"https:\/\/onlinezooshop.md\/ro\/wp-json\/wp\/v2\/media\/12329"}],"wp:attachment":[{"href":"https:\/\/onlinezooshop.md\/ro\/wp-json\/wp\/v2\/media?parent=9971"}],"wp:term":[{"taxonomy":"product_cat","embeddable":true,"href":"https:\/\/onlinezooshop.md\/ro\/wp-json\/wp\/v2\/product_cat?post=9971"},{"taxonomy":"product_tag","embeddable":true,"href":"https:\/\/onlinezooshop.md\/ro\/wp-json\/wp\/v2\/product_tag?post=9971"}],"curies":[{"name":"wp","href":"https:\/\/api.w.org\/{rel}","templated":true}]}}