{"id":9980,"date":"2020-11-23T15:18:37","date_gmt":"2020-11-23T12:18:37","guid":{"rendered":"https:\/\/onlinezooshop.md\/?post_type=product&#038;p=9980"},"modified":"2025-12-05T14:52:12","modified_gmt":"2025-12-05T11:52:12","slug":"friskies-junior-300g","status":"publish","type":"product","link":"https:\/\/onlinezooshop.md\/ro\/magazin\/friskies-junior-300g\/","title":{"rendered":"Friskies Junior, 300\u0433*10\u0448\u0442."},"content":{"rendered":"<p>FRISKIES \u00ae pentru pisoi este o diet\u0103 complet\u0103 echilibrat\u0103 special formulat\u0103 pentru dezvoltarea s\u0103n\u0103toas\u0103 a pisoiului t\u0103u. Datorit\u0103 con\u021binutului de pui, legume, minerale \u0219i vitamine, FRISKIES \u00ae pentru pisoi asigur\u0103 tranzi\u021bia corect\u0103 de la laptele matern la alimentele solide.<\/p>\n<p>&nbsp;<\/p>\n<ul>\n<li>\n<ul>\n<li>Vitamina E<img src=\"https:\/\/www.friskies.ru\/sites\/friskies.ru\/files\/kitten-natural-defenses.jpg\" alt=\"Natural defences\" \/>Vitamina E penytru men\u021binerea imunit\u0103\u021bii<\/li>\n<li>Proteine<img src=\"https:\/\/www.friskies.ru\/sites\/friskies.ru\/files\/kitten-healthy-grow.jpg\" alt=\"Healthy growth\" \/>Proteine pentru o dezvoltare s\u0103n\u0103toas\u0103<\/li>\n<\/ul>\n<\/li>\n<li>\n<ul>\n<li>Substan\u021be minerale \u0219i vitamina D<img src=\"https:\/\/www.friskies.ru\/sites\/friskies.ru\/files\/kitten-strong-teeth-bones.jpg\" alt=\"Strong teeth and bones\" \/>Substan\u021be minerale \u0219i vitamina D pentru men\u021binerea s\u0103n\u0103t\u0103\u021bii oaselor \u0219i a din\u021bilor<\/li>\n<li>Taurina<img src=\"https:\/\/www.friskies.ru\/sites\/friskies.ru\/files\/kitten-taurine.jpg\" alt=\"Taurine\" \/>Taurina este important\u0103 pentru o vedere bun\u0103 \u0219i s\u0103n\u0103tatea inimii<\/li>\n<\/ul>\n<\/li>\n<\/ul>\n<p>&nbsp;<\/p>\n<p><strong>Con\u021binut:\u00a0<\/strong><br \/>\nCereale, carne \u0219i produse de prelucrare (inclusiv pui), proteine \u200b\u200bvegetale, produse prelucrate din legume, gr\u0103simi \u0219i uleiuri, drojdie, conservan\u021bi, pe\u0219te \u0219i produse de prelucrare (inclusiv ton), minerale, vitamine, legume (verde uscat maz\u0103re), lapte \u0219i produsele sale procesate (lapte praf degresat), coloran\u021bi \u0219i antioxidan\u021bi.<\/p>\n<p><strong>SUBSTAN\u021aE AD\u0102UGATE:\u00a0<\/strong><br \/>\nUI \/ kg: Vitamina A: 16.000; Vitamina D3: 1.300; Vitamina E: 115<br \/>\nMg \/ kg: fier: 64; Iod: 2,1; Cupru: 12,0; Mangan: 6,9; Zinc: 90,0; Seleniu: 0,14.<\/p>\n<p><strong>INDICATORI GARANTA\u021aI:\u00a0<\/strong><br \/>\nProteine: 35,0%<br \/>\nGr\u0103simi: 12,0%<br \/>\nCenu\u0219\u0103 brut\u0103: 8,0%<br \/>\nFibra brut\u0103: 2,0%<br \/>\nCalciu: 1,4%<br \/>\nFosfor: 1,3%<br \/>\nTaurin: 0,11%<\/p>\n<p>&nbsp;<\/p>\n<p><strong>Recomand\u0103ri pentru hr\u0103nire:\u00a0<\/strong><\/p>\n<p>\u00cencepe\u021bi s\u0103 introduce\u021bi treptat FRISKIES \u00ae Kitten Food \u00een dieta pisicilor dvs. \u00een a 3-a sau a 4-a s\u0103pt\u0103m\u00e2n\u0103 de via\u021b\u0103. Pentru a u\u0219ura pisoiul, \u00eenmuia\u021bi crochetele uscate cu ap\u0103. M\u0103ri\u021bi cantitatea de alimente atunci c\u00e2nd pisoiul \u00eencepe s\u0103 m\u0103n\u00e2nce mai mult \u0219i reduce\u021bi cantitatea de ap\u0103 ad\u0103ugat\u0103 \u00een alimente atunci c\u00e2nd poate m\u00e2nca alimente uscate separat. Fiecare pisoi este unic \u00een ceea ce prive\u0219te activitatea zilnic\u0103 \u0219i nivelul de dezvoltare. Este necesar s\u0103 regla\u021bi cantitatea de furaj \u0219i timpul de hr\u0103nire \u00een consecin\u021b\u0103. Potrivit pentru pisicile gravide sau care al\u0103pteaz\u0103.<\/p>\n<p>Asigura\u021bi-v\u0103 c\u0103 pisoiul dvs. are \u00eentotdeauna ap\u0103 proasp\u0103t\u0103 de b\u0103ut. Aportul adecvat de ap\u0103 este o necesitate pentru s\u0103n\u0103tatea pisoiului t\u0103u.<\/p>\n<p>&nbsp;<\/p>\n<p><strong>DOZA ZILNIC\u0102 (g \/ zi)<\/strong><\/p>\n<ul>\n<li>\n<ul>\n<li>6-12 s\u0103pt\u0103m\u00eeni<img src=\"https:\/\/www.friskies.ru\/sites\/friskies.ru\/files\/6-12-weeks-kitten-1-dish.jpg\" alt=\"3-6 months\" \/>25-90gr \u00een 2-3 doze***<\/li>\n<\/ul>\n<\/li>\n<\/ul>\n<p>&nbsp;<\/p>\n<ul>\n<li>\n<ul>\n<li>3-6 luni<img src=\"https:\/\/www.friskies.ru\/sites\/friskies.ru\/files\/12-26-weeks-kitten-2-dish.jpg\" alt=\"3-6 months\" \/>50-115gr \u00een 2 doze***<\/li>\n<\/ul>\n<\/li>\n<\/ul>\n<p>&nbsp;<\/p>\n<ul>\n<li>\n<ul>\n<li>6-12 luni<img src=\"https:\/\/www.friskies.ru\/sites\/friskies.ru\/files\/26-52-weeks-kitten-3-dish.jpg\" alt=\"3-6 months\" \/>115-160gr \u00een 2 doze***<\/li>\n<\/ul>\n<\/li>\n<\/ul>\n<p>&nbsp;<\/p>\n<ul>\n<li>\n<ul>\n<li>Pisici \u00eens\u0103rcinate<img src=\"https:\/\/www.friskies.ru\/sites\/friskies.ru\/files\/70g-cat-4kg.jpg\" alt=\"Pregnant cat\" \/>min. 105gr***<\/li>\n<\/ul>\n<\/li>\n<\/ul>\n<p>&nbsp;<\/p>\n<ul>\n<li>\n<ul>\n<li>Pisic\u0103 care al\u0103pteaz\u0103<img src=\"https:\/\/www.friskies.ru\/sites\/friskies.ru\/files\/70g-cat-4kg.jpg\" alt=\"Nursing cat\" \/>min. 280gr***<\/li>\n<\/ul>\n<\/li>\n<\/ul>\n<p>*** sau f\u0103r\u0103 limite<\/p>","protected":false},"excerpt":{"rendered":"<p><strong>Conceput special pentru pisoi p\u00een\u0103 la 12 luni.<\/strong><\/p>","protected":false},"featured_media":12371,"template":"","meta":[],"product_cat":[68,116],"product_tag":[],"_links":{"self":[{"href":"https:\/\/onlinezooshop.md\/ro\/wp-json\/wp\/v2\/product\/9980"}],"collection":[{"href":"https:\/\/onlinezooshop.md\/ro\/wp-json\/wp\/v2\/product"}],"about":[{"href":"https:\/\/onlinezooshop.md\/ro\/wp-json\/wp\/v2\/types\/product"}],"wp:featuredmedia":[{"embeddable":true,"href":"https:\/\/onlinezooshop.md\/ro\/wp-json\/wp\/v2\/media\/12371"}],"wp:attachment":[{"href":"https:\/\/onlinezooshop.md\/ro\/wp-json\/wp\/v2\/media?parent=9980"}],"wp:term":[{"taxonomy":"product_cat","embeddable":true,"href":"https:\/\/onlinezooshop.md\/ro\/wp-json\/wp\/v2\/product_cat?post=9980"},{"taxonomy":"product_tag","embeddable":true,"href":"https:\/\/onlinezooshop.md\/ro\/wp-json\/wp\/v2\/product_tag?post=9980"}],"curies":[{"name":"wp","href":"https:\/\/api.w.org\/{rel}","templated":true}]}}