{"id":9991,"date":"2020-11-23T15:52:44","date_gmt":"2020-11-23T12:52:44","guid":{"rendered":"https:\/\/onlinezooshop.md\/?post_type=product&#038;p=9991"},"modified":"2025-12-05T14:49:24","modified_gmt":"2025-12-05T11:49:24","slug":"friskies-indoor-10kg","status":"publish","type":"product","link":"https:\/\/onlinezooshop.md\/ro\/magazin\/friskies-indoor-10kg\/","title":{"rendered":"Friskies Indoor, 10\u043a\u0433"},"content":{"rendered":"<p>Hrana pentru animale de companie FRISKIES\u00ae complet\u0103 \u0219i gustoas\u0103 pentru pisici domestice reduce formarea de bile de p\u0103r. De asemenea, con\u021bine verde de gr\u0103din\u0103 pe care pisicile \u00eel ador\u0103.<\/p>\n<p>Hrana FRISKIES\u00ae pentru pisici domestice v\u0103 men\u021bine animalul s\u0103n\u0103tos \u0219i vital, permi\u021b\u00e2ndu-i s\u0103 v\u0103 surprind\u0103 \u0219i s\u0103 v\u0103 \u00eenc\u00e2nte \u00een fiecare zi!<\/p>\n<ul>\n<li>\n<ul>\n<li><strong>Celuloz\u0103<\/strong><br \/>\n<img src=\"https:\/\/www.friskies.ru\/sites\/friskies.ru\/files\/indoor-hairball-control.jpg\" alt=\"\u041a\u043b\u0435\u0442\u0447\u0430\u0442\u043a\u0430\" \/>fibra ajuta la reducerea numarului de bile de par care apar ca urmare a spalarii dese<\/li>\n<\/ul>\n<\/li>\n<\/ul>\n<p>&nbsp;<\/p>\n<ul>\n<li>\n<ul>\n<li><strong>Echilibrul corect al mineralelor<\/strong><img src=\"https:\/\/www.friskies.ru\/sites\/friskies.ru\/files\/indoor-weight-management.jpg\" alt=\"\u041f\u0440\u0430\u0432\u0438\u043b\u044c\u043d\u044b\u0439 \u0431\u0430\u043b\u0430\u043d\u0441 \u043c\u0438\u043d\u0435\u0440\u0430\u043b\u044c\u043d\u044b\u0445 \u0432\u0435\u0449\u0435\u0441\u0442\u0432\" \/>echilibrul corect de minerale \u0219i vitamine contribuie la men\u021binerea s\u0103n\u0103t\u0103\u021bii sistemului urinar<\/li>\n<\/ul>\n<\/li>\n<\/ul>\n<p>&nbsp;<\/p>\n<ul>\n<li>\n<ul>\n<li><strong>Cicoare<\/strong><\/li>\n<li><img src=\"https:\/\/www.friskies.ru\/sites\/friskies.ru\/files\/indoor-reduced-litter-odour.jpg\" alt=\"\u0426\u0438\u043a\u043e\u0440\u0438\u0439\" \/>cicoarea ajuta la reducerea mirosului neplacut al cutiei de gunoi a animalului tau de companie<\/li>\n<\/ul>\n<\/li>\n<\/ul>\n<p>&nbsp;<\/p>\n<p><strong>Con\u021binut:\u00a0<\/strong><br \/>\nCereale, carne \u0219i produse de prelucrare (inclusiv pui), produse prelucrate din legume, proteine \u200b\u200bvegetale, gr\u0103simi \u0219i uleiuri, legume (maz\u0103re verde uscat\u0103), drojdie, minerale, vitamine, conservan\u021bi, coloran\u021bi \u0219i antioxidan\u021bi.<\/p>\n<p><strong>SUBSTAN\u021aE AD\u0102UGATE:\u00a0<\/strong><br \/>\nUI \/ kg: Vitamina A: 12500; Vitamina D3: 1000<br \/>\nMg \/ kg: fier: 45,0; Iod: 1,9; Cupru: 10,7; Mangan: 6,1; Zinc: 80,0; Seleniu: 0,13.<\/p>\n<p><strong>INDICATORI GARANTA\u021aI:\u00a0<\/strong><br \/>\nProteine: 30,0%<br \/>\nGr\u0103sime: 10,0%<br \/>\nCenu\u0219\u0103 brut\u0103: 7,0%<br \/>\nFibre brute: 5,5%<br \/>\nTaurin\u0103: 0,1%<\/p>\n<p>&nbsp;<\/p>\n<p><strong>Recomand\u0103ri pentru hr\u0103nire:\u00a0<\/strong><\/p>\n<p>Cota zilnic\u0103 recomandat\u0103 este pentru pisicile moderat active la temperaturi ambientale normale. Nevoile individuale ale pisicii tale \u0219i programul de hr\u0103nire pot fi ajustate pentru a men\u021bine o greutate s\u0103n\u0103toas\u0103 pentru pisica ta.<br \/>\nAsigura\u021bi-v\u0103 c\u0103 pisica dvs. are \u00eentotdeauna ap\u0103 potabil\u0103 curat\u0103 \u0219i proasp\u0103t\u0103. Se serve\u0219te \u00een 2 doze la temperatura camerei.<\/p>\n<p><strong>\u200b<\/strong><\/p>\n<p><strong>DOZA ZILNIC\u0102 (g \/ zi)<\/strong><\/p>\n<ul>\n<li>\n<ul>\n<li>45\u0433<img src=\"https:\/\/www.friskies.ru\/sites\/friskies.ru\/files\/cat-3kg-dish.jpg\" alt=\"3\u043a\u0433\" \/>3\u043a\u0433<\/li>\n<\/ul>\n<\/li>\n<\/ul>\n<p>&nbsp;<\/p>\n<ul>\n<li>\n<ul>\n<li>60\u0433<img src=\"https:\/\/www.friskies.ru\/sites\/friskies.ru\/files\/cat-4kg-dish.jpg\" alt=\"4\u043a\u0433\" \/>4\u043a\u0433<\/li>\n<\/ul>\n<\/li>\n<\/ul>\n<p>&nbsp;<\/p>\n<ul>\n<li>\n<ul>\n<li>75\u0433<img src=\"https:\/\/www.friskies.ru\/sites\/friskies.ru\/files\/cat-5kg-dish.jpg\" alt=\"5\u043a\u0433\" \/>5\u043a\u0433<\/li>\n<\/ul>\n<\/li>\n<\/ul>","protected":false},"excerpt":{"rendered":"<p><strong>M\u00e2ncare pentru pisici domestice cu pui \u0219i ierburi de gr\u0103din\u0103<\/strong><\/p>","protected":false},"featured_media":12370,"template":"","meta":[],"product_cat":[68,116],"product_tag":[],"_links":{"self":[{"href":"https:\/\/onlinezooshop.md\/ro\/wp-json\/wp\/v2\/product\/9991"}],"collection":[{"href":"https:\/\/onlinezooshop.md\/ro\/wp-json\/wp\/v2\/product"}],"about":[{"href":"https:\/\/onlinezooshop.md\/ro\/wp-json\/wp\/v2\/types\/product"}],"wp:featuredmedia":[{"embeddable":true,"href":"https:\/\/onlinezooshop.md\/ro\/wp-json\/wp\/v2\/media\/12370"}],"wp:attachment":[{"href":"https:\/\/onlinezooshop.md\/ro\/wp-json\/wp\/v2\/media?parent=9991"}],"wp:term":[{"taxonomy":"product_cat","embeddable":true,"href":"https:\/\/onlinezooshop.md\/ro\/wp-json\/wp\/v2\/product_cat?post=9991"},{"taxonomy":"product_tag","embeddable":true,"href":"https:\/\/onlinezooshop.md\/ro\/wp-json\/wp\/v2\/product_tag?post=9991"}],"curies":[{"name":"wp","href":"https:\/\/api.w.org\/{rel}","templated":true}]}}