{"id":9993,"date":"2020-11-23T15:56:25","date_gmt":"2020-11-23T12:56:25","guid":{"rendered":"https:\/\/onlinezooshop.md\/?post_type=product&#038;p=9993"},"modified":"2025-12-05T14:54:45","modified_gmt":"2025-12-05T11:54:45","slug":"friskies-sterile-10kg","status":"publish","type":"product","link":"https:\/\/onlinezooshop.md\/ro\/magazin\/friskies-sterile-10kg\/","title":{"rendered":"Friskies Sterilised, 10\u043a\u0433"},"content":{"rendered":"<p><strong>Hran\u0103 uscat\u0103 Friskies Sterilised cu somon, pentru pisici sterile\u00a0<\/strong>- o op\u021biune excelent\u0103 de hran\u0103 pentru fiecare zi, at\u00e2t pentru pisicile castrate, c\u00e2t \u0219i pentru pisicile castrate. Complet echilibrat \u0219i realizat doar din materii prime proaspete de calitate. Datorit\u0103 gustului s\u0103u delicat de pe\u0219te \u0219i a aromei pl\u0103cute, furajele au o gustare \u0219i o cerere ridicate.<\/p>\n<p><strong>Hran\u0103 uscat\u0103 Friskies Sterilised cu somon, pentru pisici sterile\u00a0<\/strong>este capabil s\u0103 sature animalul la maximum \u0219i s\u0103 satisfac\u0103 pe deplin nevoia fizic\u0103 de diet\u0103.<\/p>\n<p>Util \u00een trei direc\u021bii globale:<\/p>\n<p>* men\u021bine s\u0103n\u0103tatea tractului urinar;<\/p>\n<p>* controleaz\u0103 greutatea animalului, men\u021bin\u00e2ndu-l la un nivel optim;<\/p>\n<p>* protejeaz\u0103 \u0219i \u00eent\u0103re\u0219te imunitatea pisicii.<\/p>\n<p><strong>Con\u021binut:<\/strong>:<\/p>\n<p>Cereale, carne \u0219i subproduse de origine animal\u0103 (nu mai pu\u021bin de 10%), pe\u0219te \u0219i produse de prelucrare a acestuia (1,2%), extracte de proteine \u200b\u200bvegetale, gr\u0103simi animale, produse vegetale prelucrate, drojdie, vitamine \u0219i minerale, legume, coloran\u021bi, antioxidan\u021bi.<\/p>\n<p><strong>SUBSTAN\u021aE AD\u0102UGATE:\u00a0<\/strong><\/p>\n<p>Vitamina A 12500 UI \/ kg, vitamina D3 1000 UI \/ kg, vitamina E 90 UI \/ kg, fier 145 mg \/ kg, iod 2,5 mg \/ kg, cupru 35 mg \/ kg, mangan 16 mg \/ kg, zinc 183 mg \/ kg, seleniu 0,25 mg \/ kg, taurin\u0103 870 mg \/ kg.<\/p>\n<p><strong>INDICATORI GARANTA\u021aI:\u00a0<\/strong><\/p>\n<p>Proteine \u200b\u200b30,0%, gr\u0103simi 10,0%, cenu\u0219\u0103 brut\u0103 7,5%, fibre 2,5%, umiditate 6,0%.<\/p>","protected":false},"excerpt":{"rendered":"<p><strong>Friskies hran\u0103 uscat\u0103 pentru pisici sterile adulte cu somon \u0219i legume<\/strong><\/p>","protected":false},"featured_media":12377,"template":"","meta":[],"product_cat":[68,116],"product_tag":[],"_links":{"self":[{"href":"https:\/\/onlinezooshop.md\/ro\/wp-json\/wp\/v2\/product\/9993"}],"collection":[{"href":"https:\/\/onlinezooshop.md\/ro\/wp-json\/wp\/v2\/product"}],"about":[{"href":"https:\/\/onlinezooshop.md\/ro\/wp-json\/wp\/v2\/types\/product"}],"wp:featuredmedia":[{"embeddable":true,"href":"https:\/\/onlinezooshop.md\/ro\/wp-json\/wp\/v2\/media\/12377"}],"wp:attachment":[{"href":"https:\/\/onlinezooshop.md\/ro\/wp-json\/wp\/v2\/media?parent=9993"}],"wp:term":[{"taxonomy":"product_cat","embeddable":true,"href":"https:\/\/onlinezooshop.md\/ro\/wp-json\/wp\/v2\/product_cat?post=9993"},{"taxonomy":"product_tag","embeddable":true,"href":"https:\/\/onlinezooshop.md\/ro\/wp-json\/wp\/v2\/product_tag?post=9993"}],"curies":[{"name":"wp","href":"https:\/\/api.w.org\/{rel}","templated":true}]}}