{"id":9995,"date":"2020-11-23T16:04:00","date_gmt":"2020-11-23T13:04:00","guid":{"rendered":"https:\/\/onlinezooshop.md\/?post_type=product&#038;p=9995"},"modified":"2025-12-05T14:44:53","modified_gmt":"2025-12-05T11:44:53","slug":"friskies-adult-kurica-ovoshhi-10kg","status":"publish","type":"product","link":"https:\/\/onlinezooshop.md\/ro\/magazin\/friskies-adult-kurica-ovoshhi-10kg\/","title":{"rendered":"Friskies Adult \u043a\u0443\u0440\u0438\u0446\u0430 \u0438 \u043e\u0432\u043e\u0449\u0438, 10\u043a\u0433"},"content":{"rendered":"<p>FRISKIES\u00ae pentru pisici adulte este o diet\u0103 complet\u0103, echilibrat\u0103, f\u0103cut\u0103 folosind ingrediente de \u00eenalt\u0103 calitate, gustul pisicii tale.<\/p>\n<ul>\n<li>\n<ul>\n<li>Proteine<br \/>\n<img src=\"https:\/\/www.friskies.ru\/sites\/friskies.ru\/files\/adult-toned-muscles.jpg\" alt=\"\u0411\u0435\u043b\u043e\u043a\" \/>Proteinele ajut\u0103 la \u00eent\u0103rirea mu\u0219chilor \u0219i ofer\u0103 energie<\/li>\n<\/ul>\n<\/li>\n<\/ul>\n<ul>\n<li>\n<ul>\n<li>Calciu, fosfor, vitamina D<img src=\"https:\/\/www.friskies.ru\/sites\/friskies.ru\/files\/adult-healthy-teeth-bones.jpg\" alt=\"\u041a\u0430\u043b\u044c\u0446\u0438\u0439, \u0424\u043e\u0441\u0444\u043e\u0440, \u0412\u0438\u0442\u0430\u043c\u0438\u043d D\" \/>Calciul, fosforul, vitamina D sunt importante pentru men\u021binerea s\u0103n\u0103t\u0103\u021bii oaselor \u0219i a din\u021bilor<\/li>\n<\/ul>\n<\/li>\n<\/ul>\n<ul>\n<li>\n<ul>\n<li>Echilibrul corect al mineralelor<img src=\"https:\/\/www.friskies.ru\/sites\/friskies.ru\/files\/adult-urinary-tract-health.jpg\" alt=\"\u041f\u0440\u0430\u0432\u0438\u043b\u044c\u043d\u044b\u0439 \u0431\u0430\u043b\u0430\u043d\u0441 \u043c\u0438\u043d\u0435\u0440\u0430\u043b\u044c\u043d\u044b\u0445 \u0432\u0435\u0449\u0435\u0441\u0442\u0432\" \/>Echilibrul corect de minerale \u0219i vitamine ajut\u0103 la men\u021binerea unui sistem urinar s\u0103n\u0103tos<\/li>\n<\/ul>\n<\/li>\n<\/ul>\n<p><strong>Con\u021binut:\u00a0<\/strong><br \/>\nCereale, carne \u0219i produse de prelucrare (inclusiv pui), produse de prelucrare a legumelor, proteine \u200b\u200bvegetale, gr\u0103simi \u0219i uleiuri, drojdie, conservan\u021bi, minerale, vitamine, coloran\u021bi, legume \u0219i antioxidan\u021bi.<\/p>\n<p><strong>Recomand\u0103ri pentru hr\u0103nire:\u00a0<\/strong><\/p>\n<p>Cota zilnic\u0103 recomandat\u0103 este pentru pisicile moderat active la temperaturi ambientale normale. Nevoile individuale ale pisicii tale \u0219i programul de hr\u0103nire pot fi ajustate pentru a men\u021bine o greutate s\u0103n\u0103toas\u0103 pentru pisica ta.<\/p>\n<p>Asigura\u021bi-v\u0103 c\u0103 pisoiul dvs. are \u00eentotdeauna ap\u0103 proasp\u0103t\u0103 de b\u0103ut. Aportul adecvat de ap\u0103 este o necesitate pentru s\u0103n\u0103tatea pisoiului t\u0103u.<\/p>","protected":false},"excerpt":{"rendered":"<p><strong>Hran\u0103 uscat\u0103 Friskies pentru pisici adulte cu pui, legume\u00a0<\/strong><\/p>\n<p>&nbsp;<\/p>","protected":false},"featured_media":12357,"template":"","meta":[],"product_cat":[68,116],"product_tag":[],"_links":{"self":[{"href":"https:\/\/onlinezooshop.md\/ro\/wp-json\/wp\/v2\/product\/9995"}],"collection":[{"href":"https:\/\/onlinezooshop.md\/ro\/wp-json\/wp\/v2\/product"}],"about":[{"href":"https:\/\/onlinezooshop.md\/ro\/wp-json\/wp\/v2\/types\/product"}],"wp:featuredmedia":[{"embeddable":true,"href":"https:\/\/onlinezooshop.md\/ro\/wp-json\/wp\/v2\/media\/12357"}],"wp:attachment":[{"href":"https:\/\/onlinezooshop.md\/ro\/wp-json\/wp\/v2\/media?parent=9995"}],"wp:term":[{"taxonomy":"product_cat","embeddable":true,"href":"https:\/\/onlinezooshop.md\/ro\/wp-json\/wp\/v2\/product_cat?post=9995"},{"taxonomy":"product_tag","embeddable":true,"href":"https:\/\/onlinezooshop.md\/ro\/wp-json\/wp\/v2\/product_tag?post=9995"}],"curies":[{"name":"wp","href":"https:\/\/api.w.org\/{rel}","templated":true}]}}