{"id":9997,"date":"2020-11-23T16:08:17","date_gmt":"2020-11-23T13:08:17","guid":{"rendered":"https:\/\/onlinezooshop.md\/?post_type=product&#038;p=9997"},"modified":"2025-12-05T14:46:16","modified_gmt":"2025-12-05T11:46:16","slug":"friskies-adult-losos-i-ovoshhi-10kg","status":"publish","type":"product","link":"https:\/\/onlinezooshop.md\/ro\/magazin\/friskies-adult-losos-i-ovoshhi-10kg\/","title":{"rendered":"Friskies Adult \u043b\u043e\u0441\u043e\u0441\u044c \u0438 \u043e\u0432\u043e\u0449\u0438, 10\u043a\u0433"},"content":{"rendered":"<p>Nutri\u021bie 100% complet\u0103 \u0219i echilibrat\u0103, care include proteine \u200b\u200bde \u00eenalt\u0103 calitate, acizi gra\u0219i, vitamine \u0219i minerale pentru a v\u0103 men\u021bine animalul s\u0103n\u0103tos, fericit \u0219i activ. M\u00e2ncarea a fost dezvoltat\u0103 de exper\u021bii companiei Purina cu peste 85 de ani de experien\u021b\u0103 \u00een domeniul hranei pentru animale de companie.<\/p>\n<p><strong>Con\u021binut:<\/strong>\u00a0cereale, carne \u0219i subproduse animale, extracte de proteine \u200b\u200bvegetale, gr\u0103simi animale, produse vegetale procesate, pe\u0219te \u0219i produse procesate din pe\u0219te (1,6%), vitamine \u0219i minerale, drojdie, legume (granule verzi, portocalii \u0219i albe: 0,13% legume uscate echivalent cu 1% legume proaspete), coloran\u021bi (tartrazin\u0103, galben apus FCF special galben), antioxidan\u021bi (propil galat, butil hidroxianisol, butil hidroxitoluen). * Echivalent cu 4% pe\u0219te rehidratat \u0219i produse din pe\u0219te, pelete ro\u0219ii \u0219i maronii: echivalent cu 4% somon.<\/p>\n<p><strong>Vitamine:<\/strong>\u00a0vitamina A: 12.500 UI \/ kg; vitamina D3: 1.000 UI \/ kg. Minerale: fier 145 mg \/ kg; iod: 2,5 mg \/ kg; cupru 35 mg \/ kg; mangan: 16 mg \/ kg; zinc: 183 mg \/ kg; seleniu 0,25 mg \/ kg. Taurin\u0103 870 mg \/ kg. Valoarea energetic\u0103 (con\u021binut caloric): 344 kcal \/ 100 g.<\/p>\n<p><strong>Analiza tipic\u0103:<\/strong>\u00a0gr\u0103simi brute: 10,0%, cenu\u0219\u0103 brut\u0103: 7,5%, fibre brute: 2,5%, umiditate: 6,0%<\/p>\n<p><strong>Recomand\u0103ri de hr\u0103nire (g \/ zi):<\/strong>\u00a0vezi tabelul de pe ambalaj. Ratele de hr\u0103nire necesare pentru men\u021binerea st\u0103rii corporale ideale a unui animal difer\u0103 \u00een func\u021bie de v\u00e2rst\u0103, activitatea animalului \u0219i, de asemenea, de condi\u021biile de mediu. Animalul trebuie s\u0103 aib\u0103 \u00een permanen\u021b\u0103 ap\u0103 potabil\u0103 proasp\u0103t\u0103 \u0219i curat\u0103. Un aport adecvat de ap\u0103 potabil\u0103 face parte dintr-o diet\u0103 s\u0103n\u0103toas\u0103 zilnic\u0103.<\/p>","protected":false},"excerpt":{"rendered":"<p><strong>Friskies hran\u0103 uscat\u0103 pentru pisici adulte cu somon \u0219i legume<\/strong><\/p>","protected":false},"featured_media":12359,"template":"","meta":[],"product_cat":[68,116],"product_tag":[],"_links":{"self":[{"href":"https:\/\/onlinezooshop.md\/ro\/wp-json\/wp\/v2\/product\/9997"}],"collection":[{"href":"https:\/\/onlinezooshop.md\/ro\/wp-json\/wp\/v2\/product"}],"about":[{"href":"https:\/\/onlinezooshop.md\/ro\/wp-json\/wp\/v2\/types\/product"}],"wp:featuredmedia":[{"embeddable":true,"href":"https:\/\/onlinezooshop.md\/ro\/wp-json\/wp\/v2\/media\/12359"}],"wp:attachment":[{"href":"https:\/\/onlinezooshop.md\/ro\/wp-json\/wp\/v2\/media?parent=9997"}],"wp:term":[{"taxonomy":"product_cat","embeddable":true,"href":"https:\/\/onlinezooshop.md\/ro\/wp-json\/wp\/v2\/product_cat?post=9997"},{"taxonomy":"product_tag","embeddable":true,"href":"https:\/\/onlinezooshop.md\/ro\/wp-json\/wp\/v2\/product_tag?post=9997"}],"curies":[{"name":"wp","href":"https:\/\/api.w.org\/{rel}","templated":true}]}}